{"id":2927,"date":"2015-11-09T10:05:36","date_gmt":"2015-11-09T10:05:36","guid":{"rendered":"http:\/\/demo.wpzoom.com\/capital\/?page_id=2927"},"modified":"2021-05-26T13:38:37","modified_gmt":"2021-05-26T16:38:37","slug":"contacto","status":"publish","type":"page","link":"https:\/\/cocrear.com.ar\/wp\/contacto\/","title":{"rendered":"Contacto"},"content":{"rendered":"\n<figure class=\"wp-block-image size-large\"><img loading=\"lazy\" width=\"840\" height=\"380\" src=\"https:\/\/cocrear.com.ar\/wp\/wp-content\/uploads\/2019\/11\/banner-contacto.jpg\" alt=\"\" class=\"wp-image-4594\" srcset=\"https:\/\/cocrear.com.ar\/wp\/wp-content\/uploads\/2019\/11\/banner-contacto.jpg 840w, https:\/\/cocrear.com.ar\/wp\/wp-content\/uploads\/2019\/11\/banner-contacto-300x136.jpg 300w, https:\/\/cocrear.com.ar\/wp\/wp-content\/uploads\/2019\/11\/banner-contacto-768x347.jpg 768w, https:\/\/cocrear.com.ar\/wp\/wp-content\/uploads\/2019\/11\/banner-contacto-800x362.jpg 800w, https:\/\/cocrear.com.ar\/wp\/wp-content\/uploads\/2019\/11\/banner-contacto-580x262.jpg 580w\" sizes=\"(max-width: 840px) 100vw, 840px\" \/><\/figure>\n\n\n\n<p><strong>Tel\u00e9fono en Argentina:<\/strong> (011) (15) 6273-2345<br><strong>Tel\u00e9fono Internacional:<\/strong> (54911) 6273-2345<br><strong>Emails:<\/strong> contacto@escueladecoachingprofesional.com  \/ cristinaperrucci@yahoo.com.ar<\/p>\n\n\n\n<h2 class=\"fontceleste\">Env\u00edanos tu consulta<\/h2>\n\n\n\n<div class=\"frm_forms  with_frm_style frm_style_formidable-style\" id=\"frm_form_2_container\" >\n<form enctype=\"multipart\/form-data\" method=\"post\" class=\"frm-show-form \" id=\"form_contact-form\"  >\n<div class=\"frm_form_fields \">\n<fieldset>\n<legend class=\"frm_screen_reader\">Cont\u00e1ctenos<\/legend>\r\n\r\n<div class=\"frm_fields_container\">\n<input type=\"hidden\" name=\"frm_action\" value=\"create\" \/>\n<input type=\"hidden\" name=\"form_id\" value=\"2\" \/>\n<input type=\"hidden\" name=\"frm_hide_fields_2\" id=\"frm_hide_fields_2\" value=\"\" \/>\n<input type=\"hidden\" name=\"form_key\" value=\"contact-form\" \/>\n<input type=\"hidden\" name=\"item_meta[0]\" value=\"\" \/>\n<input type=\"hidden\" id=\"frm_submit_entry_2\" name=\"frm_submit_entry_2\" value=\"7c828d41bd\" \/><input type=\"hidden\" name=\"_wp_http_referer\" value=\"\/wp\/wp-json\/wp\/v2\/pages\/2927\" \/><div id=\"frm_field_6_container\" class=\"frm_form_field form-field  frm_required_field frm_none_container frm_first frm_half\">\r\n    <label for=\"field_qh4icy2\" class=\"frm_primary_label\">Nombre\r\n        <span class=\"frm_required\"><\/span>\r\n    <\/label>\r\n    <input type=\"text\" id=\"field_qh4icy2\" name=\"item_meta[6]\" value=\"\"  placeholder=\"Nombre\" data-reqmsg=\"This field cannot be blank.\" aria-required=\"true\" data-invmsg=\"Name is invalid\" aria-invalid=\"false\"  \/>\r\n    \r\n    \r\n<\/div>\n<div id=\"frm_field_7_container\" class=\"frm_form_field form-field  frm_required_field frm_none_container frm_half\">\r\n    <label for=\"field_ocfup12\" class=\"frm_primary_label\">Apellido\r\n        <span class=\"frm_required\"><\/span>\r\n    <\/label>\r\n    <input type=\"text\" id=\"field_ocfup12\" name=\"item_meta[7]\" value=\"\"  placeholder=\"Apellido\" data-reqmsg=\"This field cannot be blank.\" aria-required=\"true\" data-invmsg=\"Last is invalid\" aria-invalid=\"false\"  \/>\r\n    \r\n    \r\n<\/div>\n<div id=\"frm_field_8_container\" class=\"frm_form_field form-field  frm_required_field frm_none_container frm_full\">\r\n    <label for=\"field_29yf4d2\" class=\"frm_primary_label\">Email\r\n        <span class=\"frm_required\"><\/span>\r\n    <\/label>\r\n    <input type=\"email\" id=\"field_29yf4d2\" name=\"item_meta[8]\" value=\"\"  placeholder=\"Email\" data-reqmsg=\"This field cannot be blank.\" aria-required=\"true\" data-invmsg=\"Please enter a valid email address\" aria-invalid=\"false\"  \/>\r\n    \r\n    \r\n<\/div>\n<div id=\"frm_field_9_container\" class=\"frm_form_field form-field  frm_required_field frm_none_container frm_full\">\r\n    <label for=\"field_e6lis62\" class=\"frm_primary_label\">Asunto\r\n        <span class=\"frm_required\"><\/span>\r\n    <\/label>\r\n    <input type=\"text\" id=\"field_e6lis62\" name=\"item_meta[9]\" value=\"\"  placeholder=\"Asunto\" data-reqmsg=\"This field cannot be blank.\" aria-required=\"true\" data-invmsg=\"Subject is invalid\" aria-invalid=\"false\"  \/>\r\n    \r\n    \r\n<\/div>\n<div id=\"frm_field_10_container\" class=\"frm_form_field form-field  frm_required_field frm_none_container frm_full\">\r\n    <label for=\"field_9jv0r12\" class=\"frm_primary_label\">Mensaje\r\n        <span class=\"frm_required\"><\/span>\r\n    <\/label>\r\n    <textarea name=\"item_meta[10]\" id=\"field_9jv0r12\" rows=\"5\"  placeholder=\"Mensaje\" data-reqmsg=\"This field cannot be blank.\" aria-required=\"true\" data-invmsg=\"Mensaje is invalid\" aria-invalid=\"false\"  ><\/textarea>\r\n    \r\n    \r\n<\/div>\n<div id=\"frm_field_193_container\" class=\"frm_form_field  frm_html_container form-field\">Haga click aqu\u00ed para leer nuestra <a href=\"#politica\">Pol\u00edtica de Privacidad.<\/a><\/div>\n\t<input type=\"hidden\" name=\"item_key\" value=\"\" \/>\n\t\t\t\t<div class=\"frm_verify\" aria-hidden=\"true\">\n\t\t\t\t<label for=\"frm_email_2\">\n\t\t\t\t\tIf you are human, leave this field blank.\t\t\t\t<\/label>\n\t\t\t\t<input type=\"text\" class=\"frm_verify\" id=\"frm_email_2\" name=\"frm_verify\" value=\"\"  \/>\n\t\t\t<\/div>\n\t\t<div class=\"frm_submit\">\r\n\r\n<button class=\"frm_button_submit\" type=\"submit\"  >ENVIAR<\/button>\r\n\r\n<\/div><\/div>\n<\/fieldset>\n<\/div>\n<\/form>\n<\/div>\n\n\n\n\n<hr class=\"wp-block-separator\"\/>\n\n\n\n<h3 id=\"politica\">Pol\u00edtica de Privacidad<\/h3>\n\n\n\n<p>Por medio de nuestras Pol\u00edticas de Privacidad, le ponemos al tanto del uso que haremos de la informaci\u00f3n que necesitamos que UD. nos provee al momento de consultarnos por la informaci\u00f3n sobre nuestros cursos y capacitaciones.<\/p>\n\n\n\n<h4>La informaci\u00f3n que le pediremos<\/h4>\n\n\n\n<p>La \u00fanica informaci\u00f3n personal que necesitamos para asesorarlo es su nombre e informaci\u00f3n de contacto [tel\u00e9fono, celular, direcci\u00f3n e-mail] para poder mantenernos en comunicaci\u00f3n y acercarle la informaci\u00f3n que usted requiere.<\/p>\n\n\n\n<h4>Uso que hacemos de la informaci\u00f3n<\/h4>\n\n\n\n<p>Esta informaci\u00f3n personal se utilizar\u00e1 \u00fanicamente para poder responder de la mejor manera a su consulta y asesorarlo debidamente. Sus datos de contacto, son simplemente para poder contactarlo oportunamente para brindarle el asesoramiento que nos solicita.<\/p>\n\n\n\n<h4>Confidencialidad de la informaci\u00f3n<\/h4>\n\n\n\n<p><strong>Escuela Internacional de Coaching Profesional<\/strong>&nbsp;no vender\u00e1, alquilar\u00e1 o compartir\u00e1 la Informaci\u00f3n Personal provista por UD. a nuestros asesores bajo ninguna forma. Nos comprometemos a para proteger la privacidad de toda la informaci\u00f3n que Ud. nos brinde.<\/p>\n\n\n\n<h4>Importante<\/h4>\n\n\n\n<p>En caso de no desear recibir nueva informaci\u00f3n de nuestra consultora s\u00f3lo debe dirigir un e-mail a contacto@escueladecoachingprofesional.com indicando en el asunto \u201cCancelar\u201d y\/o dirigirse telef\u00f3nicamente a nuestros n\u00fameros de contacto y pedir la baja de la suscripci\u00f3n a las Novedades. Desde ese momento interrumpiremos cualquier contacto con Ud.<\/p>\n\n\n\n<p>La escuela se reserva el derecho de admisi\u00f3n y permanencia.<\/p>\n","protected":false},"excerpt":{"rendered":"<p>Tel\u00e9fono en Argentina: (011) (15) 6273-2345Tel\u00e9fono Internacional: (54911) 6273-2345Emails: contacto@escueladecoachingprofesional.com \/ cristinaperrucci@yahoo.com.ar Env\u00edanos tu consulta Pol\u00edtica de Privacidad Por medio de nuestras Pol\u00edticas de Privacidad, le ponemos al tanto del uso que haremos de la informaci\u00f3n que necesitamos que UD. nos provee al momento de consultarnos por la informaci\u00f3n sobre [\u2026] <\/p>\n<div class=\"clear\"><\/div>\n<p><a class=\"more_link clearfix\" href=\"https:\/\/cocrear.com.ar\/wp\/contacto\/\" rel=\"nofollow\">Read More<\/a><\/p>\n","protected":false},"author":1,"featured_media":0,"parent":0,"menu_order":0,"comment_status":"closed","ping_status":"closed","template":"","meta":[],"_links":{"self":[{"href":"https:\/\/cocrear.com.ar\/wp\/wp-json\/wp\/v2\/pages\/2927"}],"collection":[{"href":"https:\/\/cocrear.com.ar\/wp\/wp-json\/wp\/v2\/pages"}],"about":[{"href":"https:\/\/cocrear.com.ar\/wp\/wp-json\/wp\/v2\/types\/page"}],"author":[{"embeddable":true,"href":"https:\/\/cocrear.com.ar\/wp\/wp-json\/wp\/v2\/users\/1"}],"replies":[{"embeddable":true,"href":"https:\/\/cocrear.com.ar\/wp\/wp-json\/wp\/v2\/comments?post=2927"}],"version-history":[{"count":12,"href":"https:\/\/cocrear.com.ar\/wp\/wp-json\/wp\/v2\/pages\/2927\/revisions"}],"predecessor-version":[{"id":6468,"href":"https:\/\/cocrear.com.ar\/wp\/wp-json\/wp\/v2\/pages\/2927\/revisions\/6468"}],"wp:attachment":[{"href":"https:\/\/cocrear.com.ar\/wp\/wp-json\/wp\/v2\/media?parent=2927"}],"curies":[{"name":"wp","href":"https:\/\/api.w.org\/{rel}","templated":true}]}}